{"id":1738,"date":"2019-07-25T01:17:57","date_gmt":"2019-07-25T01:17:57","guid":{"rendered":"https:\/\/www.coodeco.coop\/?page_id=1738"},"modified":"2025-06-27T18:18:10","modified_gmt":"2025-06-27T18:18:10","slug":"registro-rte","status":"publish","type":"page","link":"http:\/\/coodeco.coop\/index.php\/registro-rte\/","title":{"rendered":"Registro RTE"},"content":{"rendered":"<p>[vc_row css=&#8221;.vc_custom_1482486406591{margin-top: -40px !important;}&#8221;][\/vc_row][vc_column bgcolor=&#8221;#ffffff&#8221;][\/vc_column][vc_row_inner css=&#8221;.vc_custom_1576533842935{padding-top: 40px !important;padding-right: 40px !important;padding-left: 40px !important;}&#8221;][vc_column_inner][vc_column_text]<\/p>\n<p class=\"lead\" style=\"color: #555;\" align=\"justify\">En cumplimiento del art\u00edculo 1.2.1.5.1.8. Numeral 3 del Decreto 2150 del 2017 de Diciembre del 2017, La Honorable Asamblea de Delegados, autoriza a la representante legal la doctora AMPARO GIRON SILVA, para que realice la respectiva actualizaci\u00f3n ante la DIAN, para que la COOPERATIVA DE APORTE Y CREDITO DE LOS TRABAJADORES DE LAS COMUNICACIONES COODECO, permanezca como entidad del R\u00e9gimen Tributario Especial del Impuesto de Renta, a trav\u00e9s de su p\u00e1gina Web.<\/p>\n<p>\u00a0[\/vc_column_text][vc_separator][\/vc_column_inner][vc_column_inner width=&#8221;1\/4&#8243; css=&#8221;.vc_custom_1617206582636{padding-bottom: 30px !important;}&#8221;][vc_icon icon_fontawesome=&#8221;fa fa-file-pdf-o&#8221; color=&#8221;custom&#8221; size=&#8221;lg&#8221; align=&#8221;center&#8221; custom_color=&#8221;#81d742&#8243; link=&#8221;url:http%3A%2F%2Fcoodeco.coop%2Fwp-content%2Fuploads%2F2025%2F06%2FCERTIFICACION-CARGOS-DIRECTIVOS-Y-GERENCIALES.pdf||target:%20_blank|&#8221;][vc_custom_heading text=&#8221;Cargos Directivos y Gerenciales&#8221; font_container=&#8221;tag:h4|text_align:center|color:%23125533&#8243; use_theme_fonts=&#8221;yes&#8221; css=&#8221;.vc_custom_1751048290148{margin-top: -30px !important;}&#8221; link=&#8221;url:http%3A%2F%2Fcoodeco.coop%2Fwp-content%2Fuploads%2F2025%2F06%2FCERTIFICACION-CARGOS-DIRECTIVOS-Y-GERENCIALES.pdf||target:%20_blank|&#8221;][\/vc_column_inner][vc_column_inner width=&#8221;1\/4&#8243; css=&#8221;.vc_custom_1617206602943{padding-bottom: 30px !important;}&#8221;][vc_icon icon_fontawesome=&#8221;fa fa-file-pdf-o&#8221; color=&#8221;custom&#8221; size=&#8221;lg&#8221; align=&#8221;center&#8221; custom_color=&#8221;#81d742&#8243; link=&#8221;url:http%3A%2F%2Fcoodeco.coop%2Fwp-content%2Fuploads%2F2025%2F06%2FCERTIFICACION-ANETECEDENTES-JUDICIALES-Y-CAD-CONTRATOS-1.pdf||target:%20_blank|&#8221;][vc_custom_heading text=&#8221;Antecedentes y Caducidad de Contratos&#8221; font_container=&#8221;tag:h4|text_align:center|color:%23125533&#8243; use_theme_fonts=&#8221;yes&#8221; css=&#8221;.vc_custom_1750958363866{margin-top: -30px !important;}&#8221; link=&#8221;url:http%3A%2F%2Fcoodeco.coop%2Fwp-content%2Fuploads%2F2025%2F06%2FCERTIFICACION-ANETECEDENTES-JUDICIALES-Y-CAD-CONTRATOS-1.pdf||target:%20_blank|&#8221;][\/vc_column_inner][vc_column_inner width=&#8221;1\/4&#8243;][vc_icon icon_fontawesome=&#8221;fa fa-file-pdf-o&#8221; color=&#8221;custom&#8221; size=&#8221;lg&#8221; align=&#8221;center&#8221; custom_color=&#8221;#81d742&#8243; link=&#8221;url:http%3A%2F%2Fcoodeco.coop%2Fwp-content%2Fuploads%2F2025%2F06%2FCERTIFICADO-DE-CUMPLIMIENTO-ESAL.pdf||target:%20_blank|&#8221;][vc_custom_heading text=&#8221;Certificaci\u00f3n de Cumplimiento&#8221; font_container=&#8221;tag:h4|text_align:center|color:%23125533&#8243; use_theme_fonts=&#8221;yes&#8221; css=&#8221;.vc_custom_1750958271642{margin-top: -30px !important;}&#8221; link=&#8221;url:http%3A%2F%2Fcoodeco.coop%2Fwp-content%2Fuploads%2F2025%2F06%2FCERTIFICADO-DE-CUMPLIMIENTO-ESAL.pdf||target:%20_blank|&#8221;][\/vc_column_inner][vc_column_inner width=&#8221;1\/4&#8243; css=&#8221;.vc_custom_1617206594721{padding-bottom: 30px !important;}&#8221;][vc_icon icon_fontawesome=&#8221;fa fa-file-pdf-o&#8221; color=&#8221;custom&#8221; size=&#8221;lg&#8221; align=&#8221;center&#8221; custom_color=&#8221;#81d742&#8243; link=&#8221;url:http%3A%2F%2Fcoodeco.coop%2Fwp-content%2Fuploads%2F2025%2F06%2FESTADOS-FINANCIEROS-2023-2024.pdf||target:%20_blank|&#8221;][vc_custom_heading text=&#8221;Estados Financieros&#8221; font_container=&#8221;tag:h4|text_align:center|color:%23125533&#8243; use_theme_fonts=&#8221;yes&#8221; css=&#8221;.vc_custom_1750958304952{margin-top: -30px !important;}&#8221; link=&#8221;url:http%3A%2F%2Fcoodeco.coop%2Fwp-content%2Fuploads%2F2025%2F06%2FESTADOS-FINANCIEROS-2023-2024.pdf||target:%20_blank|&#8221;][\/vc_column_inner][\/vc_row_inner][vc_row_inner css=&#8221;.vc_custom_1576533842935{padding-top: 40px !important;padding-right: 40px !important;padding-left: 40px !important;}&#8221;][vc_column_inner width=&#8221;1\/4&#8243; css=&#8221;.vc_custom_1617206582636{padding-bottom: 30px !important;}&#8221;][vc_icon icon_fontawesome=&#8221;fa fa-file-pdf-o&#8221; color=&#8221;custom&#8221; size=&#8221;lg&#8221; align=&#8221;center&#8221; custom_color=&#8221;#81d742&#8243; link=&#8221;url:http%3A%2F%2Fcoodeco.coop%2Fwp-content%2Fuploads%2F2024%2F06%2FESTATUTOS-VIG.-REFORMA-ASAMBLEA-058-MZ-13-2022.pdf||target:%20_blank|&#8221;][vc_custom_heading text=&#8221;Estatutos&#8221; font_container=&#8221;tag:h4|text_align:center|color:%23125533&#8243; use_theme_fonts=&#8221;yes&#8221; css=&#8221;.vc_custom_1719499230044{margin-top: -30px !important;}&#8221; link=&#8221;url:http%3A%2F%2Fcoodeco.coop%2Fwp-content%2Fuploads%2F2024%2F06%2FESTATUTOS-VIG.-REFORMA-ASAMBLEA-058-MZ-13-2022.pdf||target:%20_blank|&#8221;][\/vc_column_inner][vc_column_inner width=&#8221;1\/4&#8243;][vc_icon icon_fontawesome=&#8221;fa fa-file-pdf-o&#8221; color=&#8221;custom&#8221; size=&#8221;lg&#8221; align=&#8221;center&#8221; custom_color=&#8221;#81d742&#8243; link=&#8221;url:http%3A%2F%2Fcoodeco.coop%2Fwp-content%2Fuploads%2F2025%2F06%2FINFORME-GESTION-2024-061-ASAMBLEA-MZ-9-2025.pdf||target:%20_blank|&#8221;][vc_custom_heading text=&#8221;Informe de Gesti\u00f3n&#8221; font_container=&#8221;tag:h4|text_align:center|color:%23125533&#8243; use_theme_fonts=&#8221;yes&#8221; css=&#8221;.vc_custom_1750958340184{margin-top: -30px !important;}&#8221; link=&#8221;url:http%3A%2F%2Fcoodeco.coop%2Fwp-content%2Fuploads%2F2025%2F06%2FINFORME-GESTION-2024-061-ASAMBLEA-MZ-9-2025.pdf||target:%20_blank|&#8221;][\/vc_column_inner][\/vc_row_inner][vc_row_inner css=&#8221;.vc_custom_1576533842935{padding-top: 40px !important;padding-right: 40px !important;padding-left: 40px !important;}&#8221;][\/vc_row_inner][vc_column_inner width=&#8221;1\/4&#8243; css=&#8221;.vc_custom_1617206582636{padding-bottom: 30px !important;}&#8221;][\/vc_column_inner]<\/p>\n","protected":false},"excerpt":{"rendered":"<p>[vc_row css=&#8221;.vc_custom_1482486406591{margin-top: -40px !important;}&#8221;][\/vc_row][vc_column bgcolor=&#8221;#ffffff&#8221;][\/vc_column][vc_row_inner css=&#8221;.vc_custom_1576533842935{padding-top: 40px !important;padding-right: 40px !important;padding-left: 40px !important;}&#8221;][vc_column_inner][vc_column_text] En cumplimiento del art\u00edculo 1.2.1.5.1.8. Numeral 3 del Decreto 2150 del 2017 de Diciembre del 2017, La Honorable Asamblea de Delegados, autoriza a la representante legal la doctora AMPARO GIRON SILVA, para que realice la respectiva actualizaci\u00f3n ante la DIAN, para que la<\/p>\n","protected":false},"author":1,"featured_media":0,"parent":0,"menu_order":0,"comment_status":"closed","ping_status":"closed","template":"","meta":{"footnotes":""},"_links":{"self":[{"href":"http:\/\/coodeco.coop\/index.php\/wp-json\/wp\/v2\/pages\/1738"}],"collection":[{"href":"http:\/\/coodeco.coop\/index.php\/wp-json\/wp\/v2\/pages"}],"about":[{"href":"http:\/\/coodeco.coop\/index.php\/wp-json\/wp\/v2\/types\/page"}],"author":[{"embeddable":true,"href":"http:\/\/coodeco.coop\/index.php\/wp-json\/wp\/v2\/users\/1"}],"replies":[{"embeddable":true,"href":"http:\/\/coodeco.coop\/index.php\/wp-json\/wp\/v2\/comments?post=1738"}],"version-history":[{"count":26,"href":"http:\/\/coodeco.coop\/index.php\/wp-json\/wp\/v2\/pages\/1738\/revisions"}],"predecessor-version":[{"id":2145,"href":"http:\/\/coodeco.coop\/index.php\/wp-json\/wp\/v2\/pages\/1738\/revisions\/2145"}],"wp:attachment":[{"href":"http:\/\/coodeco.coop\/index.php\/wp-json\/wp\/v2\/media?parent=1738"}],"curies":[{"name":"wp","href":"https:\/\/api.w.org\/{rel}","templated":true}]}}