{"id":1786,"date":"2019-08-06T16:47:56","date_gmt":"2019-08-06T16:47:56","guid":{"rendered":"https:\/\/www.coodeco.coop\/?page_id=1786"},"modified":"2019-08-06T22:06:14","modified_gmt":"2019-08-06T22:06:14","slug":"portafolio","status":"publish","type":"page","link":"https:\/\/coodeco.coop\/index.php\/portafolio\/","title":{"rendered":"Portafolio"},"content":{"rendered":"<p>[vc_row css=&#8221;.vc_custom_1459506276575{margin-bottom: 100px !important;}&#8221;][vc_column][vc_custom_heading text=&#8221;Educaci\u00f3n&#8221; font_container=&#8221;tag:h2|text_align:center&#8221; use_theme_fonts=&#8221;yes&#8221; css=&#8221;.vc_custom_1565126779478{padding-bottom: 32px !important;}&#8221;][vc_row_inner][vc_column_inner width=&#8221;1\/3&#8243;][vc_single_image image=&#8221;1792&#8243; img_size=&#8221;full&#8221; style=&#8221;vc_box_border&#8221;][\/vc_column_inner][vc_column_inner width=&#8221;2\/3&#8243;][vc_column_text]<\/p>\n<p align=\"justify\"><strong>COODECO<\/strong>, subsidia al asociado y su grupo familiar, cursos en convenio con diferentes instituciones y personas, con el prop\u00f3sito de otorgar formaci\u00f3n y capacitaci\u00f3n permanente en educaci\u00f3n solidaria, as\u00ed como en artes y oficios que contribuyan al mejoramiento integral del asociado y su grupo familiar. As\u00ed mismo, de acuerdo a la normativa legal vigente, la cooperativa invierte recursos en educaci\u00f3n formal que beneficia a la comunidad en general.<\/p>\n<p>[\/vc_column_text][\/vc_column_inner][\/vc_row_inner][vc_custom_heading text=&#8221;Financiero&#8221; font_container=&#8221;tag:h2|text_align:center&#8221; use_theme_fonts=&#8221;yes&#8221;][vc_row_inner css=&#8221;.vc_custom_1455886051719{margin-bottom: 10px !important;}&#8221;][vc_column_inner width=&#8221;1\/3&#8243;][stm_icon_box hide_title_line=&#8221;hide_title_line&#8221; enable_hexagon=&#8221;enable&#8221; enable_hexagon_animation=&#8221;enable&#8221; icon=&#8221;stm-nokia_outline&#8221; style=&#8221;icon_left&#8221; icon_size=&#8221;27&#8243; icon_width=&#8221;78&#8243; title=&#8221;Libre Inversi\u00f3n&#8221;]Cr\u00e9dito f\u00e1cil de libre inversi\u00f3n para hacer realidad todos tus sue\u00f1os. Solic\u00edtalo ya en tu Cooperativa![\/stm_icon_box][\/vc_column_inner][vc_column_inner width=&#8221;1\/3&#8243;][stm_icon_box hide_title_line=&#8221;hide_title_line&#8221; enable_hexagon=&#8221;enable&#8221; enable_hexagon_animation=&#8221;enable&#8221; icon=&#8221;stm-stn14_home&#8221; style=&#8221;icon_left&#8221; icon_size=&#8221;27&#8243; icon_width=&#8221;78&#8243; title=&#8221;Vivienda&#8221;]Haz realidad el sue\u00f1o de tener casa propia con el cr\u00e9dito para vivienda. Ven a tu cooperativa por el tuyo![\/stm_icon_box][\/vc_column_inner][vc_column_inner width=&#8221;1\/3&#8243;][stm_icon_box hide_title_line=&#8221;hide_title_line&#8221; enable_hexagon=&#8221;enable&#8221; enable_hexagon_animation=&#8221;enable&#8221; icon=&#8221;stm-cart&#8221; style=&#8221;icon_left&#8221; icon_size=&#8221;21&#8243; icon_width=&#8221;78&#8243; title=&#8221;Proveedores&#8221;]Cr\u00e9ditos con tasa de inter\u00e9s favorable para que cumplas todas tus metas. Solic\u00edtalo ya en tu Cooperativa![\/stm_icon_box][\/vc_column_inner][\/vc_row_inner][vc_row_inner css=&#8221;.vc_custom_1455886085190{margin-bottom: 10px !important;}&#8221;][vc_column_inner width=&#8221;1\/3&#8243;][stm_icon_box hide_title_line=&#8221;hide_title_line&#8221; enable_hexagon=&#8221;enable&#8221; enable_hexagon_animation=&#8221;enable&#8221; icon=&#8221;stm-home&#8221; style=&#8221;icon_left&#8221; icon_size=&#8221;23&#8243; icon_width=&#8221;78&#8243; title=&#8221;Educaci\u00f3n&#8221;]Porque la educaci\u00f3n es uno de nuestras prioridades adquiere cr\u00e9dito para educaci\u00f3n y haz que tus sue\u00f1os se cumplan![\/stm_icon_box][\/vc_column_inner][vc_column_inner width=&#8221;1\/3&#8243;][stm_icon_box hide_title_line=&#8221;hide_title_line&#8221; enable_hexagon=&#8221;enable&#8221; enable_hexagon_animation=&#8221;enable&#8221; icon=&#8221;stm-lamp&#8221; style=&#8221;icon_left&#8221; icon_size=&#8221;27&#8243; icon_width=&#8221;78&#8243; title=&#8221;Producci\u00f3n&#8221;]Alcanza todas tus metas y prop\u00f3sitos mediante el cr\u00e9dito de producci\u00f3n. Solic\u00edtalo ya en tu Cooperativa![\/stm_icon_box][\/vc_column_inner][vc_column_inner width=&#8221;1\/3&#8243;][stm_icon_box hide_title_line=&#8221;hide_title_line&#8221; enable_hexagon=&#8221;enable&#8221; enable_hexagon_animation=&#8221;enable&#8221; icon=&#8221;fa fa-car&#8221; style=&#8221;icon_left&#8221; icon_size=&#8221;19&#8243; icon_width=&#8221;78&#8243; title=&#8221;Veh\u00edculo&#8221;]Haz realidad el sue\u00f1o de tener veh\u00edculo propio con el cr\u00e9dito para veh\u00edculo. Ven a tu Cooperativa por el tuyo![\/stm_icon_box][\/vc_column_inner][\/vc_row_inner][vc_row_inner][vc_column_inner width=&#8221;1\/3&#8243;][stm_icon_box hide_title_line=&#8221;hide_title_line&#8221; enable_hexagon=&#8221;enable&#8221; enable_hexagon_animation=&#8221;enable&#8221; icon=&#8221;stm-plane6&#8243; style=&#8221;icon_left&#8221; icon_size=&#8221;19&#8243; icon_width=&#8221;78&#8243; title=&#8221;Turismo Social&#8221;]Hemos creado esta l\u00ednea de cr\u00e9dito para ti porque sabemos que no tienes l\u00edmites. Solicita ya tu cr\u00e9dito de Turismo Social![\/stm_icon_box][\/vc_column_inner][\/vc_row_inner][vc_custom_heading text=&#8221;Recreaci\u00f3n y Convenios&#8221; font_container=&#8221;tag:h2|text_align:center&#8221; use_theme_fonts=&#8221;yes&#8221; css=&#8221;.vc_custom_1565126802680{padding-bottom: 32px !important;}&#8221;][vc_row_inner][vc_column_inner width=&#8221;1\/4&#8243;][vc_single_image image=&#8221;1793&#8243; img_size=&#8221;full&#8221;][vc_column_text]<\/p>\n<p align=\"justify\"><strong>COODECO<\/strong>, contribuye al desarrollo integral del asociado y grupo familiar, con programas recreativos, culturales, tur\u00edsticos, como elementos del desarrollo humano y social<\/p>\n<p>[\/vc_column_text][\/vc_column_inner][vc_column_inner width=&#8221;1\/4&#8243;][vc_toggle title=&#8221;Centros de Est\u00e9tica&#8221; size=&#8221;sm&#8221;]<\/p>\n<ul>\n<li>CENTRO INTEGRAL DE BELLEZA &#8220;LA PAISA&#8221;<\/li>\n<li>CIENCIA Y FIGURA<\/li>\n<li>ROSARIO CORTEZ<\/li>\n<\/ul>\n<p>[\/vc_toggle][vc_toggle title=&#8221;Calzado&#8221; size=&#8221;sm&#8221;]<\/p>\n<ul>\n<li>CALZADO GARFIELD<\/li>\n<li>COZZI<\/li>\n<li>TRAFFIC SHOES<\/li>\n<li>GOMVI<\/li>\n<li>SARA SHOES<\/li>\n<\/ul>\n<p>[\/vc_toggle][vc_toggle title=&#8221;Equipos de C\u00f3mputo&#8221; size=&#8221;sm&#8221;]<\/p>\n<ul>\n<li style=\"font-weight: 400;\"><b><strong>ALMACENES EXITO<\/strong><\/b><\/li>\n<li style=\"font-weight: 400;\"><b><strong>QUORUM SYSTEM<\/strong><\/b><\/li>\n<\/ul>\n<p>[\/vc_toggle][vc_toggle title=&#8221;Educaci\u00f3n&#8221; size=&#8221;sm&#8221;]<\/p>\n<ul>\n<li>CENTRO DE ESTUDIOS OCUPACIONALES<\/li>\n<li>ACADEMIA DE BELLEZA JUANITO<\/li>\n<li>ESCUELA DE MANUALIDADES EL BOT\u00d3N<\/li>\n<\/ul>\n<p>[\/vc_toggle][vc_toggle title=&#8221;Ropa&#8221; size=&#8221;sm&#8221;]<\/p>\n<ul>\n<li>ALMACENES EXITO<\/li>\n<li>ALBERTO VO5<\/li>\n<li>ALMACEN EL PRINCIPE<\/li>\n<li>LA BODEGA<\/li>\n<li>CASA TRINY<\/li>\n<li>ALMACENES UNIDOS<\/li>\n<\/ul>\n<p>[\/vc_toggle][vc_toggle title=&#8221;Motocicletas&#8221; size=&#8221;sm&#8221;]<\/p>\n<ul>\n<li>TULUA MOTOS S.A.<\/li>\n<li>SUKY MOTOS S.A.<\/li>\n<li>YAMAVALLE LTDA<\/li>\n<li>KAWACENTRO LTDA<\/li>\n<\/ul>\n<p>[\/vc_toggle][\/vc_column_inner][vc_column_inner width=&#8221;1\/4&#8243;][vc_toggle title=&#8221;Droguerias&#8221; size=&#8221;sm&#8221;]<\/p>\n<ul>\n<li>DROGUER\u00cdA HOSPITALARIA<\/li>\n<li>SERVI-SALUD<\/li>\n<\/ul>\n<p>[\/vc_toggle][vc_toggle title=&#8221;Floristeria&#8221; size=&#8221;sm&#8221;]<\/p>\n<ul>\n<li>SIEMPRE CONTIGO<\/li>\n<li>EL PORTAL DE LAS FLOREZ<\/li>\n<li>DETALLES<\/li>\n<\/ul>\n<p>[\/vc_toggle][vc_toggle title=&#8221;Repuestos&#8221; size=&#8221;sm&#8221;]<\/p>\n<ul>\n<li>LLANTAS TULUA<\/li>\n<li>CENTRO DE SERVICIO PIONNER<\/li>\n<li>LUJOS CALICHE<\/li>\n<\/ul>\n<p>[\/vc_toggle][vc_toggle title=&#8221;Construcci\u00f3n&#8221; size=&#8221;sm&#8221;]<\/p>\n<ul>\n<li>FERROELECTRICOS VILLEGAS<\/li>\n<li>EL CONTRUCTOR<\/li>\n<li>MATERIALES EMO<\/li>\n<li>CONTRUCASA<\/li>\n<li>PINTUMEZCLAS<\/li>\n<\/ul>\n<p>[\/vc_toggle][vc_toggle title=&#8221;Papeler\u00edas&#8221; size=&#8221;sm&#8221;]<\/p>\n<ul>\n<li>ALMACENTRO LA CULTURA<\/li>\n<li>SANTA MARIA<\/li>\n<li>LIBRERIA JM<\/li>\n<\/ul>\n<p>[\/vc_toggle][\/vc_column_inner][vc_column_inner width=&#8221;1\/4&#8243;][vc_toggle title=&#8221;Seguros&#8221; size=&#8221;sm&#8221;]<\/p>\n<ul>\n<li>LA EQUIDAD<\/li>\n<li>CLAZZ SEGUROS<\/li>\n<\/ul>\n<p>[\/vc_toggle][vc_toggle title=&#8221;Bicicletas&#8221; size=&#8221;sm&#8221;]<\/p>\n<ul>\n<li>CICLO RALEIGH.<\/li>\n<\/ul>\n<p>[\/vc_toggle][vc_toggle title=&#8221;Salud&#8221; size=&#8221;sm&#8221;]<\/p>\n<ul>\n<li>ORTHOPLAN<\/li>\n<li>NATU-SALUD<\/li>\n<\/ul>\n<p>[\/vc_toggle][vc_toggle title=&#8221;\u00d3pticas&#8221; size=&#8221;sm&#8221;]<\/p>\n<ul>\n<li>OPTILUJO<\/li>\n<li>OPTICA ANDES<\/li>\n<li>ESPECIALIZADA DE OCCIDENTE<\/li>\n<\/ul>\n<p>[\/vc_toggle][vc_toggle title=&#8221;Supermercados&#8221; size=&#8221;sm&#8221;]<\/p>\n<ul>\n<li>ALMACENES \u00c9XITO<\/li>\n<li>SUPERTIENDAS OL\u00cdMPICA<\/li>\n<\/ul>\n<p>[\/vc_toggle][\/vc_column_inner][\/vc_row_inner][\/vc_column][\/vc_row][vc_row full_width=&#8221;stretch_row&#8221; css=&#8221;.vc_custom_1459505959648{margin-bottom: -60px !important;}&#8221; el_class=&#8221;third_bg_color&#8221;][vc_column][vc_cta h2=&#8221;Solicita atenci\u00f3n personalizada&#8221; h2_font_container=&#8221;font_size:20px|color:%2300a859|line_height:24px&#8221; h2_use_theme_fonts=&#8221;yes&#8221; shape=&#8221;square&#8221; style=&#8221;flat&#8221; add_button=&#8221;right&#8221; btn_title=&#8221;Cont\u00e1ctanos&#8221; btn_style=&#8221;flat&#8221; btn_color=&#8221;theme_style_2&#8243; btn_align=&#8221;right&#8221; btn_i_align=&#8221;right&#8221; btn_i_icon_fontawesome=&#8221;fa fa-chevron-right&#8221; use_custom_fonts_h2=&#8221;true&#8221; btn_add_icon=&#8221;true&#8221; btn_link=&#8221;url:https%3A%2F%2Fwww.coodeco.coop%2Fcoodeco%2Findex.php%2Fcontactanos%2F|||&#8221; el_class=&#8221;third_bg_color&#8221; css=&#8221;.vc_custom_1565125002052{margin-bottom: 0px !important;}&#8221;][\/vc_cta][\/vc_column][\/vc_row]<\/p>\n","protected":false},"excerpt":{"rendered":"<p>[vc_row css=&#8221;.vc_custom_1459506276575{margin-bottom: 100px !important;}&#8221;][vc_column][vc_custom_heading text=&#8221;Educaci\u00f3n&#8221; font_container=&#8221;tag:h2|text_align:center&#8221; use_theme_fonts=&#8221;yes&#8221; css=&#8221;.vc_custom_1565126779478{padding-bottom: 32px !important;}&#8221;][vc_row_inner][vc_column_inner width=&#8221;1\/3&#8243;][vc_single_image image=&#8221;1792&#8243; img_size=&#8221;full&#8221; style=&#8221;vc_box_border&#8221;][\/vc_column_inner][vc_column_inner width=&#8221;2\/3&#8243;][vc_column_text] COODECO, subsidia al asociado y su grupo familiar, cursos en convenio con diferentes instituciones y personas, con el prop\u00f3sito de otorgar formaci\u00f3n y capacitaci\u00f3n permanente en educaci\u00f3n solidaria, as\u00ed como en artes y oficios que contribuyan al mejoramiento integral del<\/p>\n","protected":false},"author":1,"featured_media":0,"parent":0,"menu_order":0,"comment_status":"closed","ping_status":"closed","template":"","meta":{"footnotes":""},"_links":{"self":[{"href":"https:\/\/coodeco.coop\/index.php\/wp-json\/wp\/v2\/pages\/1786"}],"collection":[{"href":"https:\/\/coodeco.coop\/index.php\/wp-json\/wp\/v2\/pages"}],"about":[{"href":"https:\/\/coodeco.coop\/index.php\/wp-json\/wp\/v2\/types\/page"}],"author":[{"embeddable":true,"href":"https:\/\/coodeco.coop\/index.php\/wp-json\/wp\/v2\/users\/1"}],"replies":[{"embeddable":true,"href":"https:\/\/coodeco.coop\/index.php\/wp-json\/wp\/v2\/comments?post=1786"}],"version-history":[{"count":16,"href":"https:\/\/coodeco.coop\/index.php\/wp-json\/wp\/v2\/pages\/1786\/revisions"}],"predecessor-version":[{"id":1826,"href":"https:\/\/coodeco.coop\/index.php\/wp-json\/wp\/v2\/pages\/1786\/revisions\/1826"}],"wp:attachment":[{"href":"https:\/\/coodeco.coop\/index.php\/wp-json\/wp\/v2\/media?parent=1786"}],"curies":[{"name":"wp","href":"https:\/\/api.w.org\/{rel}","templated":true}]}}